{"id":32,"date":"2026-02-11T13:01:31","date_gmt":"2026-02-11T13:01:31","guid":{"rendered":"https:\/\/medixapp.com.br\/sobre\/"},"modified":"2026-02-11T13:11:35","modified_gmt":"2026-02-11T13:11:35","slug":"sobre","status":"publish","type":"page","link":"https:\/\/medixapp.com.br\/en_us\/sobre\/","title":{"rendered":"Sobre"},"content":{"rendered":"<div class=\"wp-block-group alignfull is-style-ext-preset--group--natural-1--section has-background-background-color has-background has-global-padding is-layout-constrained wp-block-group-is-layout-constrained\" id=\"sobre\" style=\"margin-top:0;margin-bottom:0;padding-top:var(--wp--preset--spacing--70);padding-bottom:var(--wp--preset--spacing--70)\">\n<div class=\"wp-block-columns alignwide are-vertically-aligned-center is-layout-flex wp-container-core-columns-is-layout-174606dc wp-block-columns-is-layout-flex\">\n<div class=\"wp-block-column is-vertically-aligned-center is-layout-flow wp-block-column-is-layout-flow\">\n<div class=\"wp-block-group alignwide is-vertical is-layout-flex wp-container-core-group-is-layout-c35747d5 wp-block-group-is-layout-flex\">\n<div class=\"wp-block-group has-global-padding is-layout-constrained wp-container-core-group-is-layout-dd32767c wp-block-group-is-layout-constrained\">\n<h2 class=\"wp-block-heading\">Plataforma Eficiente para Gest\u00e3o de Sa\u00fade<\/h2>\n\n\n\n<p>Aqui apresentamos nossa miss\u00e3o e valores, oferecendo uma vis\u00e3o clara dos objetivos que norteiam cada a\u00e7\u00e3o, garantindo uma gest\u00e3o de sa\u00fade organizada e acess\u00edvel para todos.<\/p>\n<\/div>\n<\/div>\n<\/div>\n\n\n\n<div class=\"wp-block-column is-vertically-aligned-center is-layout-flow wp-block-column-is-layout-flow\">\n<figure class=\"wp-block-image is-style-ext-preset--image--natural-1--image-1--content-left is-style-ext-preset--image--natural-1--image-1--content-left--2\"><img loading=\"lazy\" decoding=\"async\" width=\"960\" height=\"1440\" class=\"wp-image-43\" src=\"https:\/\/medixapp.com.br\/wp-content\/uploads\/2026\/02\/d42e49a2d6b68bacb689394c3d66fce0303d7922.jpg\" alt=\"\" style=\"aspect-ratio:1;object-fit:cover\" srcset=\"https:\/\/medixapp.com.br\/wp-content\/uploads\/2026\/02\/d42e49a2d6b68bacb689394c3d66fce0303d7922.jpg 960w, https:\/\/medixapp.com.br\/wp-content\/uploads\/2026\/02\/d42e49a2d6b68bacb689394c3d66fce0303d7922-200x300.jpg 200w, https:\/\/medixapp.com.br\/wp-content\/uploads\/2026\/02\/d42e49a2d6b68bacb689394c3d66fce0303d7922-683x1024.jpg 683w, https:\/\/medixapp.com.br\/wp-content\/uploads\/2026\/02\/d42e49a2d6b68bacb689394c3d66fce0303d7922-768x1152.jpg 768w, https:\/\/medixapp.com.br\/wp-content\/uploads\/2026\/02\/d42e49a2d6b68bacb689394c3d66fce0303d7922-8x12.jpg 8w\" sizes=\"auto, (max-width: 960px) 100vw, 960px\" \/><\/figure>\n<\/div>\n<\/div>\n<\/div>\n\n<div class=\"wp-block-group alignfull is-style-ext-preset--group--natural-1--section has-tertiary-background-color has-background has-global-padding is-layout-constrained wp-container-core-group-is-layout-e955bbaf wp-block-group-is-layout-constrained\" style=\"margin-top:0;margin-bottom:0;padding-top:var(--wp--preset--spacing--70);padding-bottom:var(--wp--preset--spacing--70)\">\n<div class=\"wp-block-group alignwide is-vertical is-layout-flex wp-container-core-group-is-layout-c35747d5 wp-block-group-is-layout-flex\">\n<div class=\"wp-block-group has-global-padding is-layout-constrained wp-container-core-group-is-layout-5e05634a wp-block-group-is-layout-constrained\">\n<h2 class=\"wp-block-heading\">Navega\u00e7\u00e3o Simples e Eficiente<\/h2>\n\n\n\n<p class=\"has-text-align-left\">Aqui apresentamos dados vitais, revelando detalhes sobre desempenho e resultados alcan\u00e7ados.<\/p>\n<\/div>\n<\/div>\n\n\n\n<div class=\"wp-block-columns alignwide is-layout-flex wp-container-core-columns-is-layout-174606dc wp-block-columns-is-layout-flex\">\n<div class=\"wp-block-column is-vertically-aligned-center is-layout-flow wp-block-column-is-layout-flow\">\n<div class=\"wp-block-columns is-layout-flex wp-container-core-columns-is-layout-28f84493 wp-block-columns-is-layout-flex\">\n<div class=\"wp-block-column is-vertically-aligned-stretch is-layout-flow wp-block-column-is-layout-flow\">\n<div class=\"wp-block-group is-style-ext-preset--group--natural-1--item-card-1--align-start has-global-padding is-layout-constrained wp-block-group-is-layout-constrained is-style-ext-preset--group--natural-1--item-card-1--align-start--4\">\n<div class=\"wp-block-group is-style-default has-global-padding is-layout-constrained wp-block-group-is-layout-constrained\">\n<h3 class=\"wp-block-heading has-primary-color has-text-color has-link-color has-x-large-font-size wp-elements-b8c5c9be1f4b336c50a73d16916c3973\">130<\/h3>\n\n\n\n<h3 class=\"wp-block-heading\">Organiza\u00e7\u00e3o Avan\u00e7ada<\/h3>\n\n\n\n<p>Detalhamos a principal m\u00e9trica que demonstra a excel\u00eancia na gest\u00e3o de sa\u00fade.<\/p>\n<\/div>\n<\/div>\n<\/div>\n\n\n\n<div class=\"wp-block-column is-vertically-aligned-stretch is-layout-flow wp-block-column-is-layout-flow\">\n<div class=\"wp-block-group is-style-ext-preset--group--natural-1--item-card-1--align-start has-global-padding is-layout-constrained wp-block-group-is-layout-constrained is-style-ext-preset--group--natural-1--item-card-1--align-start--5\">\n<div class=\"wp-block-group is-style-default has-global-padding is-layout-constrained wp-block-group-is-layout-constrained\">\n<h3 class=\"wp-block-heading has-primary-color has-text-color has-link-color has-x-large-font-size wp-elements-7dd38cd253dd6c785375109314082cdf\">210<\/h3>\n\n\n\n<h3 class=\"wp-block-heading\">Acessibilidade Global<\/h3>\n\n\n\n<p>Exploramos um indicador fundamental que reflete o alcance da plataforma.<\/p>\n<\/div>\n<\/div>\n<\/div>\n<\/div>\n\n\n\n<div class=\"wp-block-columns is-layout-flex wp-container-core-columns-is-layout-28f84493 wp-block-columns-is-layout-flex\">\n<div class=\"wp-block-column is-vertically-aligned-stretch is-layout-flow wp-block-column-is-layout-flow\">\n<div class=\"wp-block-group is-style-ext-preset--group--natural-1--item-card-1--align-start has-global-padding is-layout-constrained wp-block-group-is-layout-constrained is-style-ext-preset--group--natural-1--item-card-1--align-start--6\">\n<div class=\"wp-block-group is-style-default has-global-padding is-layout-constrained wp-block-group-is-layout-constrained\">\n<h3 class=\"wp-block-heading has-primary-color has-text-color has-link-color has-x-large-font-size wp-elements-67498b4849aa446ff97d33e260d35537\">320<\/h3>\n\n\n\n<h3 class=\"wp-block-heading\">Destaques Principais<\/h3>\n\n\n\n<p>Apresentamos um dado relevante que evidencia resultados expressivos obtidos.<\/p>\n<\/div>\n<\/div>\n<\/div>\n\n\n\n<div class=\"wp-block-column is-vertically-aligned-stretch is-layout-flow wp-block-column-is-layout-flow\">\n<div class=\"wp-block-group is-style-ext-preset--group--natural-1--item-card-1--align-start has-global-padding is-layout-constrained wp-block-group-is-layout-constrained is-style-ext-preset--group--natural-1--item-card-1--align-start--7\">\n<div class=\"wp-block-group is-style-default has-global-padding is-layout-constrained wp-block-group-is-layout-constrained\">\n<h3 class=\"wp-block-heading has-primary-color has-text-color has-link-color has-x-large-font-size wp-elements-a0c62fb9025897d56a22c1e51a9e5dd5\">410<\/h3>\n\n\n\n<h3 class=\"wp-block-heading\">Quarto Indicador<\/h3>\n\n\n\n<p>Detalhamos a \u00faltima m\u00e9trica-chave que mostra o impacto da solu\u00e7\u00e3o.<\/p>\n<\/div>\n<\/div>\n<\/div>\n<\/div>\n<\/div>\n\n\n\n<div class=\"wp-block-column is-vertically-aligned-stretch is-layout-flow wp-container-core-column-is-layout-119bc444 wp-block-column-is-layout-flow\">\n<div class=\"wp-block-cover is-style-ext-preset--image--natural-1--image-1--content-bottom is-style-ext-preset--image--natural-1--image-1--content-bottom--8\" style=\"padding-top:0;padding-bottom:0;min-height:100%;aspect-ratio:unset;\"><img loading=\"lazy\" decoding=\"async\" width=\"1440\" height=\"804\" class=\"wp-block-cover__image-background wp-image-44\" alt=\"\" src=\"https:\/\/medixapp.com.br\/wp-content\/uploads\/2026\/02\/725c6d4608208a340dd06d4f8b3fc31bae05284e.jpg\" data-object-fit=\"cover\" srcset=\"https:\/\/medixapp.com.br\/wp-content\/uploads\/2026\/02\/725c6d4608208a340dd06d4f8b3fc31bae05284e.jpg 1440w, https:\/\/medixapp.com.br\/wp-content\/uploads\/2026\/02\/725c6d4608208a340dd06d4f8b3fc31bae05284e-300x168.jpg 300w, https:\/\/medixapp.com.br\/wp-content\/uploads\/2026\/02\/725c6d4608208a340dd06d4f8b3fc31bae05284e-1024x572.jpg 1024w, https:\/\/medixapp.com.br\/wp-content\/uploads\/2026\/02\/725c6d4608208a340dd06d4f8b3fc31bae05284e-768x429.jpg 768w, https:\/\/medixapp.com.br\/wp-content\/uploads\/2026\/02\/725c6d4608208a340dd06d4f8b3fc31bae05284e-18x10.jpg 18w\" sizes=\"auto, (max-width: 1440px) 100vw, 1440px\" \/><span aria-hidden=\"true\" class=\"wp-block-cover__background has-background-dim-0 has-background-dim\"><\/span><div class=\"wp-block-cover__inner-container is-layout-flow wp-block-cover-is-layout-flow\">\n<div style=\"height:240px\" aria-hidden=\"true\" class=\"wp-block-spacer\"><\/div>\n<\/div><\/div>\n<\/div>\n<\/div>\n<\/div>\n\n<div class=\"wp-block-group alignfull is-style-ext-preset--group--natural-1--section has-background-background-color has-background has-global-padding is-layout-constrained wp-container-core-group-is-layout-e955bbaf wp-block-group-is-layout-constrained\" style=\"margin-top:0;margin-bottom:0;padding-top:var(--wp--preset--spacing--70);padding-bottom:var(--wp--preset--spacing--70)\">\n<div class=\"wp-block-group alignwide is-vertical is-layout-flex wp-container-core-group-is-layout-c35747d5 wp-block-group-is-layout-flex\">\n<div class=\"wp-block-group has-global-padding is-layout-constrained wp-container-core-group-is-layout-5e05634a wp-block-group-is-layout-constrained\">\n<h2 class=\"wp-block-heading\">Confian\u00e7a e Transpar\u00eancia em Cada Detalhe.<\/h2>\n\n\n\n<p>Aqui apresentamos certifica\u00e7\u00f5es essenciais, protocolos de seguran\u00e7a rigorosos e reconhecimentos que asseguram a qualidade e a confian\u00e7a no servi\u00e7o.<\/p>\n<\/div>\n<\/div>\n\n\n\n<div class=\"wp-block-columns alignwide is-layout-flex wp-container-core-columns-is-layout-08c01c1c wp-block-columns-is-layout-flex\">\n<div class=\"wp-block-column is-vertically-aligned-stretch is-layout-flow wp-container-core-column-is-layout-f5bb311e wp-block-column-is-layout-flow\">\n<div class=\"wp-block-group is-style-ext-preset--group--natural-1--item-card-1--align-start has-global-padding is-layout-constrained wp-block-group-is-layout-constrained is-style-ext-preset--group--natural-1--item-card-1--align-start--10\">\n<div class=\"wp-block-group is-style-default has-global-padding is-layout-constrained wp-block-group-is-layout-constrained\">\n<figure class=\"wp-block-image size-large ext-aspect-landscape wp-duotone-primary-foreground\"><img decoding=\"async\" src=\"data:image\/svg+xml;base64,PHN2ZyB4bWxucz0iaHR0cDovL3d3dy53My5vcmcvMjAwMC9zdmciIHdpZHRoPSI0OCIgaGVpZ2h0PSI0OCIgZmlsbD0iIzAwMDAwMCIgdmlld0JveD0iMCAwIDI1NiAyNTYiPjxwYXRoIGQ9Ik0xNzIsNzZhNDQsNDQsMCwxLDAtNDQsNDRBNDQuMDUsNDQuMDUsMCwwLDAsMTcyLDc2Wm0tNDQsMjhhMjgsMjgsMCwxLDEsMjgtMjhBMjgsMjgsMCwwLDEsMTI4LDEwNFptNjAsMjRhNDQsNDQsMCwxLDAsNDQsNDRBNDQuMDUsNDQuMDUsMCwwLDAsMTg4LDEyOFptMCw3MmEyOCwyOCwwLDEsMSwyOC0yOEEyOCwyOCwwLDAsMSwxODgsMjAwWk02OCwxMjhhNDQsNDQsMCwxLDAsNDQsNDRBNDQuMDUsNDQuMDUsMCwwLDAsNjgsMTI4Wm0wLDcyYTI4LDI4LDAsMSwxLDI4LTI4QTI4LDI4LDAsMCwxLDY4LDIwMFoiPjwvcGF0aD48L3N2Zz4=\" alt=\"\" style=\"object-fit:cover\"\/><\/figure>\n\n\n\n<h3 class=\"wp-block-heading\">Certifica\u00e7\u00e3o ISO 27001<\/h3>\n\n\n\n<p>Garantimos a seguran\u00e7a da informa\u00e7\u00e3o com a certifica\u00e7\u00e3o ISO 27001, assegurando prote\u00e7\u00e3o e gest\u00e3o eficiente dos dados de sa\u00fade.<\/p>\n<\/div>\n<\/div>\n<\/div>\n\n\n\n<div class=\"wp-block-column is-vertically-aligned-stretch is-layout-flow wp-container-core-column-is-layout-f5bb311e wp-block-column-is-layout-flow\">\n<div class=\"wp-block-group is-style-ext-preset--group--natural-1--item-card-1--align-start has-global-padding is-layout-constrained wp-block-group-is-layout-constrained is-style-ext-preset--group--natural-1--item-card-1--align-start--11\">\n<div class=\"wp-block-group is-style-default has-global-padding is-layout-constrained wp-block-group-is-layout-constrained\">\n<figure class=\"wp-block-image size-large ext-aspect-landscape wp-duotone-primary-foreground\"><img decoding=\"async\" src=\"data:image\/svg+xml;base64,PHN2ZyB4bWxucz0iaHR0cDovL3d3dy53My5vcmcvMjAwMC9zdmciIHdpZHRoPSI0OCIgaGVpZ2h0PSI0OCIgZmlsbD0iIzAwMDAwMCIgdmlld0JveD0iMCAwIDI1NiAyNTYiPjxwYXRoIGQ9Ik04MCw0MGE0MCw0MCwwLDEsMCw0MCw0MEE0MCw0MCwwLDAsMCw4MCw0MFptMCw2NGEyNCwyNCwwLDEsMSwyNC0yNEEyNCwyNCwwLDAsMSw4MCwxMDRabTk2LDE2YTQwLDQwLDAsMSwwLTQwLTQwQTQwLDQwLDAsMCwwLDE3NiwxMjBabTAtNjRhMjQsMjQsMCwxLDEtMjQsMjRBMjQsMjQsMCwwLDEsMTc2LDU2Wk04MCwxMzZhNDAsNDAsMCwxLDAsNDAsNDBBNDAsNDAsMCwwLDAsODAsMTM2Wm0wLDY0YTI0LDI0LDAsMSwxLDI0LTI0QTI0LDI0LDAsMCwxLDgwLDIwMFptOTYtNjRhNDAsNDAsMCwxLDAsNDAsNDBBNDAsNDAsMCwwLDAsMTc2LDEzNlptMCw2NGEyNCwyNCwwLDEsMSwyNC0yNEEyNCwyNCwwLDAsMSwxNzYsMjAwWiI+PC9wYXRoPjwvc3ZnPg==\" alt=\"\" style=\"object-fit:cover\"\/><\/figure>\n\n\n\n<h3 class=\"wp-block-heading\">Conformidade com a LGPD<\/h3>\n\n\n\n<p>Estamos comprometidos com a Lei Geral de Prote\u00e7\u00e3o de Dados, assegurando privacidade e confidencialidade para todos os usu\u00e1rios.<\/p>\n<\/div>\n<\/div>\n<\/div>\n\n\n\n<div class=\"wp-block-column is-vertically-aligned-stretch is-layout-flow wp-container-core-column-is-layout-f5bb311e wp-block-column-is-layout-flow\">\n<div class=\"wp-block-group is-style-ext-preset--group--natural-1--item-card-1--align-start has-global-padding is-layout-constrained wp-block-group-is-layout-constrained is-style-ext-preset--group--natural-1--item-card-1--align-start--12\">\n<div class=\"wp-block-group is-style-default has-global-padding is-layout-constrained wp-block-group-is-layout-constrained\">\n<figure class=\"wp-block-image size-large ext-aspect-landscape wp-duotone-primary-foreground\"><img decoding=\"async\" src=\"data:image\/svg+xml;base64,PHN2ZyB4bWxucz0iaHR0cDovL3d3dy53My5vcmcvMjAwMC9zdmciIHdpZHRoPSI0OCIgaGVpZ2h0PSI0OCIgZmlsbD0iIzAwMDAwMCIgdmlld0JveD0iMCAwIDI1NiAyNTYiPjxwYXRoIGQ9Ik04MCw0MGE0MCw0MCwwLDEsMCw0MCw0MEE0MCw0MCwwLDAsMCw4MCw0MFptMCw2NGEyNCwyNCwwLDEsMSwyNC0yNEEyNCwyNCwwLDAsMSw4MCwxMDRabTk2LDE2YTQwLDQwLDAsMSwwLTQwLTQwQTQwLDQwLDAsMCwwLDE3NiwxMjBabTAtNjRhMjQsMjQsMCwxLDEtMjQsMjRBMjQsMjQsMCwwLDEsMTc2LDU2Wk04MCwxMzZhNDAsNDAsMCwxLDAsNDAsNDBBNDAsNDAsMCwwLDAsODAsMTM2Wm0wLDY0YTI0LDI0LDAsMSwxLDI0LTI0QTI0LDI0LDAsMCwxLDgwLDIwMFptMTM2LTI0YTgsOCwwLDAsMS04LDhIMTg0djI0YTgsOCwwLDAsMS0xNiwwVjE4NEgxNDRhOCw4LDAsMCwxLDAtMTZoMjRWMTQ0YTgsOCwwLDAsMSwxNiwwdjI0aDI0QTgsOCwwLDAsMSwyMTYsMTc2WiI+PC9wYXRoPjwvc3ZnPg==\" alt=\"\" style=\"object-fit:cover\"\/><\/figure>\n\n\n\n<h3 class=\"wp-block-heading\">Reconhecimento Internacional<\/h3>\n\n\n\n<p>Nossa plataforma \u00e9 reconhecida globalmente pela excel\u00eancia em gest\u00e3o de sa\u00fade, elevando os padr\u00f5es do setor.<\/p>\n<\/div>\n<\/div>\n<\/div>\n<\/div>\n<\/div>","protected":false},"excerpt":{"rendered":"<p>Plataforma Eficiente para Gest\u00e3o de Sa\u00fade Aqui apresentamos nossa miss\u00e3o e valores, oferecendo uma vis\u00e3o clara dos objetivos que norteiam cada a\u00e7\u00e3o, garantindo uma gest\u00e3o de sa\u00fade organizada e acess\u00edvel para todos. Navega\u00e7\u00e3o Simples e Eficiente Aqui apresentamos dados vitais, revelando detalhes sobre desempenho e resultados alcan\u00e7ados. 130 Organiza\u00e7\u00e3o Avan\u00e7ada Detalhamos a principal m\u00e9trica que [&hellip;]<\/p>\n","protected":false},"author":1,"featured_media":0,"parent":0,"menu_order":0,"comment_status":"closed","ping_status":"closed","template":"page-with-title","meta":{"om_disable_all_campaigns":false,"_monsterinsights_skip_tracking":false,"_monsterinsights_sitenote_active":false,"_monsterinsights_sitenote_note":"","_monsterinsights_sitenote_category":0,"_uf_show_specific_survey":0,"_uf_disable_surveys":false,"_joinchat":[],"footnotes":""},"class_list":["post-32","page","type-page","status-publish","hentry"],"aioseo_notices":[],"yoast_head":"<!-- This site is optimized with the Yoast SEO plugin v26.9 - https:\/\/yoast.com\/product\/yoast-seo-wordpress\/ -->\n<title>Sobre - Site do medixapp<\/title>\n<meta name=\"robots\" content=\"index, follow, max-snippet:-1, max-image-preview:large, max-video-preview:-1\" \/>\n<link rel=\"canonical\" href=\"https:\/\/medixapp.com.br\/en_us\/sobre\/\" \/>\n<meta property=\"og:locale\" content=\"en_US\" \/>\n<meta property=\"og:type\" content=\"article\" \/>\n<meta property=\"og:title\" content=\"Sobre - Site do medixapp\" \/>\n<meta property=\"og:description\" content=\"Plataforma Eficiente para Gest\u00e3o de Sa\u00fade Aqui apresentamos nossa miss\u00e3o e valores, oferecendo uma vis\u00e3o clara dos objetivos que norteiam cada a\u00e7\u00e3o, garantindo uma gest\u00e3o de sa\u00fade organizada e acess\u00edvel para todos. Navega\u00e7\u00e3o Simples e Eficiente Aqui apresentamos dados vitais, revelando detalhes sobre desempenho e resultados alcan\u00e7ados. 130 Organiza\u00e7\u00e3o Avan\u00e7ada Detalhamos a principal m\u00e9trica que [&hellip;]\" \/>\n<meta property=\"og:url\" content=\"https:\/\/medixapp.com.br\/en_us\/sobre\/\" \/>\n<meta property=\"og:site_name\" content=\"Site do medixapp\" \/>\n<meta property=\"article:modified_time\" content=\"2026-02-11T13:11:35+00:00\" \/>\n<meta property=\"og:image\" content=\"https:\/\/medixapp.com.br\/wp-content\/uploads\/2026\/02\/d42e49a2d6b68bacb689394c3d66fce0303d7922.jpg\" \/>\n\t<meta property=\"og:image:width\" content=\"960\" \/>\n\t<meta property=\"og:image:height\" content=\"1440\" \/>\n\t<meta property=\"og:image:type\" content=\"image\/jpeg\" \/>\n<meta name=\"twitter:card\" content=\"summary_large_image\" \/>\n<meta name=\"twitter:label1\" content=\"Est. reading time\" \/>\n\t<meta name=\"twitter:data1\" content=\"1 minute\" \/>\n<script type=\"application\/ld+json\" class=\"yoast-schema-graph\">{\"@context\":\"https:\/\/schema.org\",\"@graph\":[{\"@type\":\"WebPage\",\"@id\":\"https:\/\/medixapp.com.br\/sobre\/\",\"url\":\"https:\/\/medixapp.com.br\/sobre\/\",\"name\":\"Sobre - Site do medixapp\",\"isPartOf\":{\"@id\":\"https:\/\/medixapp.com.br\/#website\"},\"primaryImageOfPage\":{\"@id\":\"https:\/\/medixapp.com.br\/sobre\/#primaryimage\"},\"image\":{\"@id\":\"https:\/\/medixapp.com.br\/sobre\/#primaryimage\"},\"thumbnailUrl\":\"https:\/\/medixapp.com.br\/wp-content\/uploads\/2026\/02\/d42e49a2d6b68bacb689394c3d66fce0303d7922.jpg\",\"datePublished\":\"2026-02-11T13:01:31+00:00\",\"dateModified\":\"2026-02-11T13:11:35+00:00\",\"breadcrumb\":{\"@id\":\"https:\/\/medixapp.com.br\/sobre\/#breadcrumb\"},\"inLanguage\":\"en-US\",\"potentialAction\":[{\"@type\":\"ReadAction\",\"target\":[\"https:\/\/medixapp.com.br\/sobre\/\"]}]},{\"@type\":\"ImageObject\",\"inLanguage\":\"en-US\",\"@id\":\"https:\/\/medixapp.com.br\/sobre\/#primaryimage\",\"url\":\"https:\/\/medixapp.com.br\/wp-content\/uploads\/2026\/02\/d42e49a2d6b68bacb689394c3d66fce0303d7922.jpg\",\"contentUrl\":\"https:\/\/medixapp.com.br\/wp-content\/uploads\/2026\/02\/d42e49a2d6b68bacb689394c3d66fce0303d7922.jpg\"},{\"@type\":\"BreadcrumbList\",\"@id\":\"https:\/\/medixapp.com.br\/sobre\/#breadcrumb\",\"itemListElement\":[{\"@type\":\"ListItem\",\"position\":1,\"name\":\"In\u00edcio\",\"item\":\"https:\/\/medixapp.com.br\/\"},{\"@type\":\"ListItem\",\"position\":2,\"name\":\"Sobre\"}]},{\"@type\":\"WebSite\",\"@id\":\"https:\/\/medixapp.com.br\/#website\",\"url\":\"https:\/\/medixapp.com.br\/\",\"name\":\"Site do medixapp\",\"description\":\"My WordPress Blog\",\"publisher\":{\"@id\":\"https:\/\/medixapp.com.br\/#organization\"},\"potentialAction\":[{\"@type\":\"SearchAction\",\"target\":{\"@type\":\"EntryPoint\",\"urlTemplate\":\"https:\/\/medixapp.com.br\/?s={search_term_string}\"},\"query-input\":{\"@type\":\"PropertyValueSpecification\",\"valueRequired\":true,\"valueName\":\"search_term_string\"}}],\"inLanguage\":\"en-US\"},{\"@type\":\"Organization\",\"@id\":\"https:\/\/medixapp.com.br\/#organization\",\"name\":\"Site do medixapp\",\"url\":\"https:\/\/medixapp.com.br\/\",\"logo\":{\"@type\":\"ImageObject\",\"inLanguage\":\"en-US\",\"@id\":\"https:\/\/medixapp.com.br\/#\/schema\/logo\/image\/\",\"url\":\"https:\/\/medixapp.com.br\/wp-content\/uploads\/2026\/02\/3D-logo-design-for-M-1.png7_-1.png\",\"contentUrl\":\"https:\/\/medixapp.com.br\/wp-content\/uploads\/2026\/02\/3D-logo-design-for-M-1.png7_-1.png\",\"width\":876,\"height\":637,\"caption\":\"Site do medixapp\"},\"image\":{\"@id\":\"https:\/\/medixapp.com.br\/#\/schema\/logo\/image\/\"}}]}<\/script>\n<!-- \/ Yoast SEO plugin. -->","yoast_head_json":{"title":"Sobre - Site do medixapp","robots":{"index":"index","follow":"follow","max-snippet":"max-snippet:-1","max-image-preview":"max-image-preview:large","max-video-preview":"max-video-preview:-1"},"canonical":"https:\/\/medixapp.com.br\/en_us\/sobre\/","og_locale":"en_US","og_type":"article","og_title":"Sobre - Site do medixapp","og_description":"Plataforma Eficiente para Gest\u00e3o de Sa\u00fade Aqui apresentamos nossa miss\u00e3o e valores, oferecendo uma vis\u00e3o clara dos objetivos que norteiam cada a\u00e7\u00e3o, garantindo uma gest\u00e3o de sa\u00fade organizada e acess\u00edvel para todos. Navega\u00e7\u00e3o Simples e Eficiente Aqui apresentamos dados vitais, revelando detalhes sobre desempenho e resultados alcan\u00e7ados. 130 Organiza\u00e7\u00e3o Avan\u00e7ada Detalhamos a principal m\u00e9trica que [&hellip;]","og_url":"https:\/\/medixapp.com.br\/en_us\/sobre\/","og_site_name":"Site do medixapp","article_modified_time":"2026-02-11T13:11:35+00:00","og_image":[{"width":960,"height":1440,"url":"https:\/\/medixapp.com.br\/wp-content\/uploads\/2026\/02\/d42e49a2d6b68bacb689394c3d66fce0303d7922.jpg","type":"image\/jpeg"}],"twitter_card":"summary_large_image","twitter_misc":{"Est. reading time":"1 minute"},"schema":{"@context":"https:\/\/schema.org","@graph":[{"@type":"WebPage","@id":"https:\/\/medixapp.com.br\/sobre\/","url":"https:\/\/medixapp.com.br\/sobre\/","name":"Sobre - Site do medixapp","isPartOf":{"@id":"https:\/\/medixapp.com.br\/#website"},"primaryImageOfPage":{"@id":"https:\/\/medixapp.com.br\/sobre\/#primaryimage"},"image":{"@id":"https:\/\/medixapp.com.br\/sobre\/#primaryimage"},"thumbnailUrl":"https:\/\/medixapp.com.br\/wp-content\/uploads\/2026\/02\/d42e49a2d6b68bacb689394c3d66fce0303d7922.jpg","datePublished":"2026-02-11T13:01:31+00:00","dateModified":"2026-02-11T13:11:35+00:00","breadcrumb":{"@id":"https:\/\/medixapp.com.br\/sobre\/#breadcrumb"},"inLanguage":"en-US","potentialAction":[{"@type":"ReadAction","target":["https:\/\/medixapp.com.br\/sobre\/"]}]},{"@type":"ImageObject","inLanguage":"en-US","@id":"https:\/\/medixapp.com.br\/sobre\/#primaryimage","url":"https:\/\/medixapp.com.br\/wp-content\/uploads\/2026\/02\/d42e49a2d6b68bacb689394c3d66fce0303d7922.jpg","contentUrl":"https:\/\/medixapp.com.br\/wp-content\/uploads\/2026\/02\/d42e49a2d6b68bacb689394c3d66fce0303d7922.jpg"},{"@type":"BreadcrumbList","@id":"https:\/\/medixapp.com.br\/sobre\/#breadcrumb","itemListElement":[{"@type":"ListItem","position":1,"name":"In\u00edcio","item":"https:\/\/medixapp.com.br\/"},{"@type":"ListItem","position":2,"name":"Sobre"}]},{"@type":"WebSite","@id":"https:\/\/medixapp.com.br\/#website","url":"https:\/\/medixapp.com.br\/","name":"Site do medixapp","description":"My WordPress Blog","publisher":{"@id":"https:\/\/medixapp.com.br\/#organization"},"potentialAction":[{"@type":"SearchAction","target":{"@type":"EntryPoint","urlTemplate":"https:\/\/medixapp.com.br\/?s={search_term_string}"},"query-input":{"@type":"PropertyValueSpecification","valueRequired":true,"valueName":"search_term_string"}}],"inLanguage":"en-US"},{"@type":"Organization","@id":"https:\/\/medixapp.com.br\/#organization","name":"Site do medixapp","url":"https:\/\/medixapp.com.br\/","logo":{"@type":"ImageObject","inLanguage":"en-US","@id":"https:\/\/medixapp.com.br\/#\/schema\/logo\/image\/","url":"https:\/\/medixapp.com.br\/wp-content\/uploads\/2026\/02\/3D-logo-design-for-M-1.png7_-1.png","contentUrl":"https:\/\/medixapp.com.br\/wp-content\/uploads\/2026\/02\/3D-logo-design-for-M-1.png7_-1.png","width":876,"height":637,"caption":"Site do medixapp"},"image":{"@id":"https:\/\/medixapp.com.br\/#\/schema\/logo\/image\/"}}]}},"_links":{"self":[{"href":"https:\/\/medixapp.com.br\/en_us\/wp-json\/wp\/v2\/pages\/32","targetHints":{"allow":["GET"]}}],"collection":[{"href":"https:\/\/medixapp.com.br\/en_us\/wp-json\/wp\/v2\/pages"}],"about":[{"href":"https:\/\/medixapp.com.br\/en_us\/wp-json\/wp\/v2\/types\/page"}],"author":[{"embeddable":true,"href":"https:\/\/medixapp.com.br\/en_us\/wp-json\/wp\/v2\/users\/1"}],"replies":[{"embeddable":true,"href":"https:\/\/medixapp.com.br\/en_us\/wp-json\/wp\/v2\/comments?post=32"}],"version-history":[{"count":1,"href":"https:\/\/medixapp.com.br\/en_us\/wp-json\/wp\/v2\/pages\/32\/revisions"}],"predecessor-version":[{"id":45,"href":"https:\/\/medixapp.com.br\/en_us\/wp-json\/wp\/v2\/pages\/32\/revisions\/45"}],"wp:attachment":[{"href":"https:\/\/medixapp.com.br\/en_us\/wp-json\/wp\/v2\/media?parent=32"}],"curies":[{"name":"wp","href":"https:\/\/api.w.org\/{rel}","templated":true}]}}